{"id":1947,"date":"2024-02-20T15:09:55","date_gmt":"2024-02-20T15:09:55","guid":{"rendered":"https:\/\/vtwconnect.com\/?page_id=1947"},"modified":"2024-02-20T16:19:22","modified_gmt":"2024-02-20T16:19:22","slug":"terminos-y-condiciones","status":"publish","type":"page","link":"https:\/\/vtravelw.com\/en\/terminos-y-condiciones\/","title":{"rendered":"Terms and Conditions"},"content":{"rendered":"<div data-elementor-type=\"wp-page\" data-elementor-id=\"1947\" class=\"elementor elementor-1947\" data-elementor-post-type=\"page\">\n\t\t\t\t\t\t<section class=\"elementor-section elementor-top-section elementor-element elementor-element-167aa599 elementor-section-boxed elementor-section-height-default elementor-section-height-default elementor-invisible\" data-id=\"167aa599\" data-element_type=\"section\" data-e-type=\"section\" data-settings=\"{&quot;background_background&quot;:&quot;classic&quot;,&quot;animation&quot;:&quot;fadeIn&quot;}\">\n\t\t\t\t\t\t\t<div class=\"elementor-background-overlay\"><\/div>\n\t\t\t\t\t\t\t<div class=\"elementor-container elementor-column-gap-default\">\n\t\t\t\t\t<div class=\"elementor-column elementor-col-100 elementor-top-column elementor-element elementor-element-39a53d2d\" data-id=\"39a53d2d\" data-element_type=\"column\" data-e-type=\"column\">\n\t\t\t<div class=\"elementor-widget-wrap elementor-element-populated\">\n\t\t\t\t\t\t<div class=\"elementor-element elementor-element-e36d40e elementor-invisible elementor-widget elementor-widget-heading\" data-id=\"e36d40e\" data-element_type=\"widget\" data-e-type=\"widget\" data-settings=\"{&quot;_animation&quot;:&quot;fadeInUp&quot;}\" data-widget_type=\"heading.default\">\n\t\t\t\t<div class=\"elementor-widget-container\">\n\t\t\t\t\t<h1 class=\"elementor-heading-title elementor-size-default\">\nTerms and Conditions<\/h1>\t\t\t\t<\/div>\n\t\t\t\t<\/div>\n\t\t\t\t\t<\/div>\n\t\t<\/div>\n\t\t\t\t\t<\/div>\n\t\t<\/section>\n\t\t\t\t<section class=\"elementor-section elementor-top-section elementor-element elementor-element-93cd550 elementor-section-boxed elementor-section-height-default elementor-section-height-default\" data-id=\"93cd550\" data-element_type=\"section\" data-e-type=\"section\">\n\t\t\t\t\t\t<div class=\"elementor-container elementor-column-gap-default\">\n\t\t\t\t\t<div class=\"elementor-column elementor-col-100 elementor-top-column elementor-element elementor-element-5c8a140\" data-id=\"5c8a140\" data-element_type=\"column\" data-e-type=\"column\" data-settings=\"{&quot;background_background&quot;:&quot;classic&quot;}\">\n\t\t\t<div class=\"elementor-widget-wrap elementor-element-populated\">\n\t\t\t\t\t\t<div class=\"elementor-element elementor-element-1626d58 elementor-invisible elementor-widget elementor-widget-heading\" data-id=\"1626d58\" data-element_type=\"widget\" data-e-type=\"widget\" data-settings=\"{&quot;_animation&quot;:&quot;fadeInUp&quot;}\" data-widget_type=\"heading.default\">\n\t\t\t\t<div class=\"elementor-widget-container\">\n\t\t\t\t\t<h2 class=\"elementor-heading-title elementor-size-default\">Terms and Conditions<\/h2>\t\t\t\t<\/div>\n\t\t\t\t<\/div>\n\t\t\t\t<div class=\"elementor-element elementor-element-6c01d8c elementor-widget__width-initial elementor-widget-mobile__width-inherit elementor-invisible elementor-widget elementor-widget-text-editor\" data-id=\"6c01d8c\" data-element_type=\"widget\" data-e-type=\"widget\" data-settings=\"{&quot;_animation&quot;:&quot;fadeInUp&quot;}\" data-widget_type=\"text-editor.default\">\n\t\t\t\t<div class=\"elementor-widget-container\">\n\t\t\t\t\t\t\t\t\t<p><strong>Acceptance of Conditions <\/strong><\/p><p>By accessing our website or our services through any other means, including the use of telephone or email, or in person at our offices, you declare that you have read and agreed to our terms and conditions, and thus will be subject to them. We reserve the right to make changes and modifications to these Legal Terms at any time. We will inform all users about the changes made regarding the use of our site or services. You will automatically accept these modifications in case of a new registration and after changes have been made in the general conditions of contract. You must read carefully all the terms, in order to understand our conditions; since, this document constitutes a legal assurance between the users and VTW CONNECT MIAMI.<\/p><p><strong>Reservations <\/strong><\/p><p>All service requests will be processed by our on-site teams. If you are interested in a service and make a reservation request, we will ask for your contact information. VTW CONNECT MIAMI will mediate your reservation with service providers (hotels, carriers, airlines, etc.), subsequently sending you an offer or confirmation of services, along with an invoice for the requested services.<\/p><p><strong>Payment <\/strong><\/p><p>For clients who do not make reservations, access to our website is free, as well as the use of our services. If you have decided to book a stay or service, VTW CONNECT MIAMI is authorized to collect the amounts owed, in the manner negotiated and established between both parties. You will be required to make an initial payment, corresponding to 30% of said total amount, upon confirming the required services. VTW CONNECT MIAMI reserves the right to withhold part or all of the payments made, according to the cancellation policy described below.<\/p><p>Payments will not be accepted in cash or with checks, except in special circumstances or by mutual agreement between VTW CONNECT MIAMI and the client. As a customer, you agree that VTW CONNECT MIAMI may charge you an advance payment amount on your credit card, as agreed upon in the confirmation of the service reservation and in accordance with the information provided by you during the payment process. You also approve the payment of the difference between the total amount owed and the initial deposit (70% of the total owed), at most one month before your departure to the destination. In case the reservation process is made less than 45 days before the travel date, you must pay the ENTIRETY of the reservation to ensure the confirmation of the services, and for this amount, we will send you the initial invoice.<\/p><div class=\"flex-1 overflow-hidden\"><div class=\"react-scroll-to-bottom--css-odswz-79elbk h-full\"><div class=\"react-scroll-to-bottom--css-odswz-1n7m0yu\"><div class=\"flex flex-col pb-9 text-sm\"><div class=\"w-full text-token-text-primary\" data-testid=\"conversation-turn-23\"><div class=\"px-4 py-2 justify-center text-base md:gap-6 m-auto\"><div class=\"flex flex-1 text-base mx-auto gap-3 md:px-5 lg:px-1 xl:px-5 md:max-w-3xl lg:max-w-[40rem] xl:max-w-[48rem] group final-completion\"><div class=\"relative flex w-full flex-col agent-turn\"><div class=\"flex-col gap-1 md:gap-3\"><div class=\"flex flex-grow flex-col max-w-full\"><div class=\"min-h-[20px] text-message flex flex-col items-start gap-3 whitespace-pre-wrap break-words [.text-message+&amp;]:mt-5 overflow-x-auto\" data-message-author-role=\"assistant\" data-message-id=\"d9a4fe9c-8f73-4ef9-b7e0-dbd30ee4ddb9\"><div class=\"markdown prose w-full break-words dark:prose-invert light\"><p><strong>Reservation and Payment Process:<\/strong><\/p><ol><li>The CLIENT requests the services they are interested in.<\/li><li>VTW CONNECT MIAMI sends an initial confirmation, along with an invoice for 30% of the requested services.<\/li><li>VTW CONNECT MIAMI will forward the reservations to the service providers and inform the CLIENT about the confirmed bookings.<\/li><li>45 days before your departure to the destination (or once all services have been confirmed by the service providers in Plaza), VTW CONNECT MIAMI will send you an invoice with the final amount due after deducting the 30% deposit already paid.<\/li><li>You have up to 15 days to make the final payment.<\/li><li>Once the payment is received, VTW CONNECT MIAMI will send you a confirmation and the vouchers with the information related to the services received and paid for.<\/li><\/ol><p>\u00a0<\/p><p><strong>Cancellation Policies for ALL SERVICES<\/strong><\/p><p>Penalties to be paid due to cancellation:<br \/>60 \u2013 46 days before the departure date: 30% of the total price (including the initial deposit) OR $250 per person, whichever is greater.<br \/>45 \u2013 31 days before the departure date: 50% of the total service price.<br \/>30 \u2013 20 days before the departure date: 75% of the total amount.<br \/>Less than 20 days before the departure date: 100% of the total price of your reservation.<br \/>If you book any service less than 45 days before the departure date, VTW CONNECT MIAMI will penalize you with the total price offered, in case you cancel during or after the aforementioned 45 days.<\/p><\/div><\/div><\/div><div class=\"mt-1 flex justify-start gap-3 empty:hidden\">\u00a0<\/div><\/div><\/div><\/div><\/div><\/div><\/div><\/div><\/div><\/div><p><strong>Termination <\/strong><\/p><p>At any time, at our discretion and without prior liability to you, we may, with or without reason and without prior notice, do the following: (a) prohibit your access to our site, (b) delete and remove from circulation the content provided by you, and (c) deny access to any data or service.<\/p><p><strong>Unauthorized uses <\/strong><\/p><p>You agree that you must not do any of the following actions, unless it is previously authorized by us:<\/p><p>\u2022 Any commercial use other than through our previously validated membership or subscription.<\/p><p>\u2022 Using the tools of our platform to rent or select any accommodation that is not listed under any circumstance, without a valid subscription.<\/p><p>\u2022 Uploading, publishing, copying, reproducing, distributing, or transmitting the content of our site.<\/p><p>\u2022 Reproducing any part of our platform on another website, or replicating it with any goal(s).<\/p><p>\u2022 Modifying or creating sites or derivative works from our website, or any part of it.<\/p><p>\u2022 Using automatic devices or manual processes to monitor, copy, or store data from the contents of the site.<\/p><p>\u2022 Decompiling any part of the site.<\/p><p>\u2022 Using our databases for purposes other than querying or requesting tourist services, or the functions for which our page is designed.<\/p><p>\u2022 Using the platform to transmit, make public, or express any false, suspicious, or fraudulent information; including making a reservation of services with false intentions.<\/p><p>\u2022 Using our platform in a way that may incur in any criminal act of any kind.<\/p><p>\u2022 Posting, using, or transmitting through our website or using our trade names, any material that is illegal, threatening, abusive, defamatory, vulgar, obscene, sexually explicit, indecent, pornographic, or profane.<\/p><p><strong>Use of our brand or logo <\/strong><\/p><p>The use of our brands and logos in any way that has not been expressly authorized by VTW CONNECT MIAMI is strictly prohibited.<\/p><p><strong>External links <\/strong><\/p><p>We reserve the right to refuse external links or addresses of other websites and to eliminate them without prior notice or consent of any user.<\/p>\t\t\t\t\t\t\t\t<\/div>\n\t\t\t\t<\/div>\n\t\t\t\t\t<\/div>\n\t\t<\/div>\n\t\t\t\t\t<\/div>\n\t\t<\/section>\n\t\t\t\t<section class=\"elementor-section elementor-top-section elementor-element elementor-element-37896421 elementor-section-boxed elementor-section-height-default elementor-section-height-default\" data-id=\"37896421\" data-element_type=\"section\" data-e-type=\"section\">\n\t\t\t\t\t\t<div class=\"elementor-container elementor-column-gap-default\">\n\t\t\t\t\t<div class=\"elementor-column elementor-col-100 elementor-top-column elementor-element elementor-element-404b8136\" data-id=\"404b8136\" data-element_type=\"column\" data-e-type=\"column\">\n\t\t\t<div class=\"elementor-widget-wrap elementor-element-populated\">\n\t\t\t\t\t\t<div class=\"elementor-element elementor-element-5d631e1 elementor-widget__width-initial elementor-widget-mobile__width-inherit elementor-invisible elementor-widget elementor-widget-text-editor\" data-id=\"5d631e1\" data-element_type=\"widget\" data-e-type=\"widget\" data-settings=\"{&quot;_animation&quot;:&quot;fadeInUp&quot;}\" data-widget_type=\"text-editor.default\">\n\t\t\t\t<div class=\"elementor-widget-container\">\n\t\t\t\t\t\t\t\t\t<p><strong>Identity verification<\/strong><\/p><p>You agree that you must safeguard your own online identification, as well as your password, and that such data must be strictly confidential.<\/p><p>You must notify us immediately if you suspect that your personal information has been compromised or is known by a suspicious person without your prior authorization. Likewise, if we believe that there has been any unauthorized use of your account, we will inform you and you must change it as soon as possible. We do not recommend offering your identification on our platform to anyone; however, if you do so and do not properly maintain your personal information, you will be solely responsible for any use made of such data, even if they are used in illegal or fraudulent acts, or cause monetary or other losses. Users should be aware that, in the event of any suspicious, illegal, or harmful activity to them or to VTW CONNECT MIAMI, we will proceed to cancel your account without prior notice, which is within our right to determine such actions.<\/p><p><strong>Limitations:<\/strong><\/p><p>All claims related to returns, losses, credits, or any similar matter made by customers to VTW CONNECT MIAMI, and related to accommodation in hotels or private homes, must meet the following two conditions: (i) they must have filed a report of the incident at the accommodation in question, in writing, and it must be duly received by the hotel or homeowner; and (ii) the complaint must have been made and received by VTW CONNECT MIAMI no later than 7 days after the completion date of your trip.<br \/>All complaints and claims related to returns, losses, credits, or any similar matter made by customers to VTW CONNECT MIAMI, and NOT related to accommodation in hotels or private homes, must have been made and received by VTW CONNECT MIAMI within 7 days after the completion date of your trip.<\/p><p>Notwithstanding the applicable statute of limitations, all claims against VTW CONNECT MIAMI related to the Services must be filed and duly notified to VTW CONNECT MIAMI, within one (1) year from the date of the event that gave rise to the action.<br \/>The fact that the Client does not timely submit a report or complaint shall constitute a complete defense against any claim or action initiated by the Client, related to the Services. Furthermore, the fact that the Client does not timely submit a report or claim shall be a complete defense against the Client's refusal to pay for any of the Services, including, among others, credit card charges for them.<br \/>The Client may not claim or initiate any claim against VTW CONNECT MIAMI unless and until the Client has paid for the Services in full.<\/p><p>All claims against VTW CONNECT MIAMI are subject to the other disclaimers of liability, limitations of liability, qualifications, and conditions set forth in this Agreement.<\/p><p><strong>Changes to the program:<\/strong><\/p><p>Although VTW CONNECT MIAMI works diligently to provide its services as described in our promotional materials and website, some circumstances beyond our control may affect your itinerary or the agreed services, necessitating us to substitute hotels and adjust service schedules. In such cases, VTW CONNECT MIAMI reserves the right to modify any scheduled reservation or activity.<\/p><p>VTW CONNECT MIAMI Limited Responsibilities<br \/>VTW CONNECT MIAMI guarantees the satisfactory execution of planned trips to the client, within the limits of the warranty provided by the service providers involved in the trip execution. Due to delays caused by technical reasons or weather conditions, we are not responsible for the consequences and costs of total or partial cancellation of hotels and transportation services. In such cases, we will endeavor to find and propose solutions to overcome the difficulties.<\/p><p><strong>Representation<\/strong><\/p><p>YOU declare that neither you nor anyone traveling with you has any physical condition or other disability that could pose a danger to yourself or others. VTW CONNECT MIAMI reserves the right to refuse the acceptance of any person on a trip and to withdraw, at your expense, any person whose condition is such that he or she could pose a danger to himself or others, or otherwise affect the enjoyment of other guests on the trip.<\/p>\t\t\t\t\t\t\t\t<\/div>\n\t\t\t\t<\/div>\n\t\t\t\t\t<\/div>\n\t\t<\/div>\n\t\t\t\t\t<\/div>\n\t\t<\/section>\n\t\t\t\t<section class=\"elementor-section elementor-top-section elementor-element elementor-element-50bcbff9 elementor-hidden-desktop elementor-hidden-tablet elementor-hidden-mobile elementor-section-boxed elementor-section-height-default elementor-section-height-default\" data-id=\"50bcbff9\" data-element_type=\"section\" data-e-type=\"section\" data-settings=\"{&quot;background_background&quot;:&quot;classic&quot;}\">\n\t\t\t\t\t\t<div class=\"elementor-container elementor-column-gap-default\">\n\t\t\t\t\t<div class=\"elementor-column elementor-col-100 elementor-top-column elementor-element elementor-element-5ffe2b49\" data-id=\"5ffe2b49\" data-element_type=\"column\" data-e-type=\"column\">\n\t\t\t<div class=\"elementor-widget-wrap elementor-element-populated\">\n\t\t\t\t\t\t<div class=\"elementor-element elementor-element-7856187b elementor-widget-mobile__width-inherit elementor-widget__width-initial elementor-position-inline-start elementor-view-default elementor-mobile-position-block-start elementor-invisible elementor-widget elementor-widget-icon-box\" data-id=\"7856187b\" data-element_type=\"widget\" data-e-type=\"widget\" data-settings=\"{&quot;_animation&quot;:&quot;fadeInLeft&quot;}\" data-widget_type=\"icon-box.default\">\n\t\t\t\t<div class=\"elementor-widget-container\">\n\t\t\t\t\t\t\t<div class=\"elementor-icon-box-wrapper\">\n\n\t\t\t\t\t\t<div class=\"elementor-icon-box-icon\">\n\t\t\t\t<a href=\"#\" class=\"elementor-icon elementor-animation-float\" tabindex=\"-1\" aria-label=\"Private Tour\">\n\t\t\t\t<i aria-hidden=\"true\" class=\"icon icon-diamond1\"><\/i>\t\t\t\t<\/a>\n\t\t\t<\/div>\n\t\t\t\n\t\t\t\t\t\t<div class=\"elementor-icon-box-content\">\n\n\t\t\t\t\t\t\t\t\t<h5 class=\"elementor-icon-box-title\">\n\t\t\t\t\t\t<a href=\"#\" >\n\t\t\t\t\t\t\tPrivate Tour\t\t\t\t\t\t<\/a>\n\t\t\t\t\t<\/h5>\n\t\t\t\t\n\t\t\t\t\n\t\t\t<\/div>\n\t\t\t\n\t\t<\/div>\n\t\t\t\t\t\t<\/div>\n\t\t\t\t<\/div>\n\t\t\t\t<div class=\"elementor-element elementor-element-5cc2ee74 elementor-widget-mobile__width-inherit elementor-widget__width-initial elementor-position-inline-start elementor-view-default elementor-mobile-position-block-start elementor-invisible elementor-widget elementor-widget-icon-box\" data-id=\"5cc2ee74\" data-element_type=\"widget\" data-e-type=\"widget\" data-settings=\"{&quot;_animation&quot;:&quot;fadeInUp&quot;}\" data-widget_type=\"icon-box.default\">\n\t\t\t\t<div class=\"elementor-widget-container\">\n\t\t\t\t\t\t\t<div class=\"elementor-icon-box-wrapper\">\n\n\t\t\t\t\t\t<div class=\"elementor-icon-box-icon\">\n\t\t\t\t<a href=\"#\" class=\"elementor-icon elementor-animation-float\" tabindex=\"-1\" aria-label=\"Internal Flight\">\n\t\t\t\t<svg aria-hidden=\"true\" class=\"e-font-icon-svg e-fab-telegram-plane\" viewbox=\"0 0 448 512\" xmlns=\"http:\/\/www.w3.org\/2000\/svg\"><path d=\"M446.7 98.6l-67.6 318.8c-5.1 22.5-18.4 28.1-37.3 17.5l-103-75.9-49.7 47.8c-5.5 5.5-10.1 10.1-20.7 10.1l7.4-104.9 190.9-172.5c8.3-7.4-1.8-11.5-12.9-4.1L117.8 284 16.2 252.2c-22.1-6.9-22.5-22.1 4.6-32.7L418.2 66.4c18.4-6.9 34.5 4.1 28.5 32.2z\"><\/path><\/svg>\t\t\t\t<\/a>\n\t\t\t<\/div>\n\t\t\t\n\t\t\t\t\t\t<div class=\"elementor-icon-box-content\">\n\n\t\t\t\t\t\t\t\t\t<h5 class=\"elementor-icon-box-title\">\n\t\t\t\t\t\t<a href=\"#\" >\n\t\t\t\t\t\t\tInternal Flight\t\t\t\t\t\t<\/a>\n\t\t\t\t\t<\/h5>\n\t\t\t\t\n\t\t\t\t\n\t\t\t<\/div>\n\t\t\t\n\t\t<\/div>\n\t\t\t\t\t\t<\/div>\n\t\t\t\t<\/div>\n\t\t\t\t<div class=\"elementor-element elementor-element-4e362902 elementor-widget-mobile__width-inherit elementor-widget__width-initial elementor-position-inline-start elementor-view-default elementor-mobile-position-block-start elementor-invisible elementor-widget elementor-widget-icon-box\" data-id=\"4e362902\" data-element_type=\"widget\" data-e-type=\"widget\" data-settings=\"{&quot;_animation&quot;:&quot;fadeInUp&quot;}\" data-widget_type=\"icon-box.default\">\n\t\t\t\t<div class=\"elementor-widget-container\">\n\t\t\t\t\t\t\t<div class=\"elementor-icon-box-wrapper\">\n\n\t\t\t\t\t\t<div class=\"elementor-icon-box-icon\">\n\t\t\t\t<a href=\"#\" class=\"elementor-icon elementor-animation-float\" tabindex=\"-1\" aria-label=\"Start from $ 985\">\n\t\t\t\t<i aria-hidden=\"true\" class=\"icon icon-savings\"><\/i>\t\t\t\t<\/a>\n\t\t\t<\/div>\n\t\t\t\n\t\t\t\t\t\t<div class=\"elementor-icon-box-content\">\n\n\t\t\t\t\t\t\t\t\t<h5 class=\"elementor-icon-box-title\">\n\t\t\t\t\t\t<a href=\"#\" >\n\t\t\t\t\t\t\tStart from $ 985\t\t\t\t\t\t<\/a>\n\t\t\t\t\t<\/h5>\n\t\t\t\t\n\t\t\t\t\n\t\t\t<\/div>\n\t\t\t\n\t\t<\/div>\n\t\t\t\t\t\t<\/div>\n\t\t\t\t<\/div>\n\t\t\t\t<div class=\"elementor-element elementor-element-5ccfe1bd elementor-align-center elementor-widget__width-initial elementor-widget-mobile__width-inherit elementor-invisible elementor-widget elementor-widget-button\" data-id=\"5ccfe1bd\" data-element_type=\"widget\" data-e-type=\"widget\" data-settings=\"{&quot;_animation&quot;:&quot;fadeInRight&quot;}\" data-widget_type=\"button.default\">\n\t\t\t\t<div class=\"elementor-widget-container\">\n\t\t\t\t\t\t\t\t\t<div class=\"elementor-button-wrapper\">\n\t\t\t\t\t<a class=\"elementor-button elementor-button-link elementor-size-sm\" href=\"#\">\n\t\t\t\t\t\t<span class=\"elementor-button-content-wrapper\">\n\t\t\t\t\t\t\t\t\t<span class=\"elementor-button-text\">Contact Us<\/span>\n\t\t\t\t\t<\/span>\n\t\t\t\t\t<\/a>\n\t\t\t\t<\/div>\n\t\t\t\t\t\t\t\t<\/div>\n\t\t\t\t<\/div>\n\t\t\t\t\t<\/div>\n\t\t<\/div>\n\t\t\t\t\t<\/div>\n\t\t<\/section>\n\t\t\t\t<\/div>","protected":false},"excerpt":{"rendered":"<p>T\u00e9rminos y Condiciones T\u00e9rminos y Condiciones Aceptaci\u00f3n de condiciones Al acceder a nuestro sitio web o a nuestros servicios por cualquier otro medio, incluido el uso del tel\u00e9fono o correo electr\u00f3nico, o en persona en nuestras oficinas, usted declara haber le\u00eddo y aceptado nuestros t\u00e9rminos y condiciones, y por lo tanto estar\u00e1 sujeto a ellos. [&hellip;]<\/p>","protected":false},"author":1,"featured_media":0,"parent":0,"menu_order":0,"comment_status":"closed","ping_status":"closed","template":"elementor_header_footer","meta":{"footnotes":""},"class_list":["post-1947","page","type-page","status-publish","hentry"],"_links":{"self":[{"href":"https:\/\/vtravelw.com\/en\/wp-json\/wp\/v2\/pages\/1947","targetHints":{"allow":["GET"]}}],"collection":[{"href":"https:\/\/vtravelw.com\/en\/wp-json\/wp\/v2\/pages"}],"about":[{"href":"https:\/\/vtravelw.com\/en\/wp-json\/wp\/v2\/types\/page"}],"author":[{"embeddable":true,"href":"https:\/\/vtravelw.com\/en\/wp-json\/wp\/v2\/users\/1"}],"replies":[{"embeddable":true,"href":"https:\/\/vtravelw.com\/en\/wp-json\/wp\/v2\/comments?post=1947"}],"version-history":[{"count":40,"href":"https:\/\/vtravelw.com\/en\/wp-json\/wp\/v2\/pages\/1947\/revisions"}],"predecessor-version":[{"id":2015,"href":"https:\/\/vtravelw.com\/en\/wp-json\/wp\/v2\/pages\/1947\/revisions\/2015"}],"wp:attachment":[{"href":"https:\/\/vtravelw.com\/en\/wp-json\/wp\/v2\/media?parent=1947"}],"curies":[{"name":"wp","href":"https:\/\/api.w.org\/{rel}","templated":true}]}}